{"id":2,"date":"2021-06-22T06:47:39","date_gmt":"2021-06-22T06:47:39","guid":{"rendered":"http:\/\/www.horyzonty-wyobrazni.pl\/?page_id=2"},"modified":"2022-06-23T13:20:56","modified_gmt":"2022-06-23T13:20:56","slug":"sklep-ogrodniczy","status":"publish","type":"page","link":"http:\/\/www.horyzonty-wyobrazni.pl\/?page_id=2","title":{"rendered":"Sklep ogrodniczy online"},"content":{"rendered":"\n<p>W sklepie ogrodniczym online mo\u017cna kupi\u0107 narz\u0119dzia ogrodnicze, nawozy, krzewy i drzewa, a tak\u017ce ro\u015bliny doniczkowe. Praktycznie wszystko, co jest potrzebne do piel\u0119gnacji ogrodu. W zale\u017cno\u015bci od tego, jakie warzywa chcesz uprawia\u0107, mo\u017cesz wybra\u0107 odpowiedni naw\u00f3z. Je\u015bli nie masz pewno\u015bci, jaki naw\u00f3z b\u0119dzie najlepszy, skontaktuj si\u0119 ze sprzedawc\u0105 w sklepie ogrodniczym online. Kwiaty maj\u0105 inne wymagania ni\u017c warzywa. Do kwiat\u00f3w mo\u017cna zastosowa\u0107 nawozy bogate w fosfor i potas, kt\u00f3re pomog\u0105 w prawid\u0142owym wzro\u015bcie i kwitnieniu.<\/p>\n\n\n\n<p>W ogrodzie potrzebne s\u0105 narz\u0119dzia do koszenia trawy, grabienia li\u015bci i przycinania krzew\u00f3w. Inne przydatne narz\u0119dzia to pi\u0142a, sekator i szpadle.<\/p>\n\n\n\n<p>Opryskiwacz jest przydatny do zapobiegania chorobom i szkodnikom. Opryskiwaczem mo\u017cna rozprowadza\u0107 \u015brodki ochronne, takie jak herbicydy, fungicydy i insektycydy.<\/p>\n\n\n\n<p>Inne przydatne akcesoria ogrodnicze to konewka, doniczki, kosze na li\u015bcie i worki na \u015bmieci.<\/p>\n\n\n\n<p>Oferujemy szeroki wyb\u00f3r produkt\u00f3w, atrakcyjne ceny i szybk\u0105 dostaw\u0119.<\/p>\n","protected":false},"excerpt":{"rendered":"<p>W sklepie ogrodniczym online mo\u017cna kupi\u0107 narz\u0119dzia ogrodnicze, nawozy, krzewy i drzewa, a tak\u017ce ro\u015bliny doniczkowe. Praktycznie wszystko, co jest potrzebne do piel\u0119gnacji ogrodu. W zale\u017cno\u015bci od tego, jakie warzywa chcesz uprawia\u0107, mo\u017cesz wybra\u0107 odpowiedni naw\u00f3z. Je\u015bli nie masz pewno\u015bci, jaki naw\u00f3z b\u0119dzie najlepszy, skontaktuj si\u0119 ze sprzedawc\u0105 w sklepie ogrodniczym online. Kwiaty maj\u0105 inne&hellip;<\/p>\n<p><a class=\"more-link\" href=\"http:\/\/www.horyzonty-wyobrazni.pl\/?page_id=2\" title=\"Continue reading &lsquo;Sklep ogrodniczy online&rsquo;\">Continue reading <span class=\"meta-nav\">&rarr;<\/span><\/a><\/p>\n","protected":false},"author":1,"featured_media":0,"parent":0,"menu_order":0,"comment_status":"closed","ping_status":"closed","template":"","meta":{"footnotes":""},"class_list":["post-2","page","type-page","status-publish","hentry"],"_links":{"self":[{"href":"http:\/\/www.horyzonty-wyobrazni.pl\/index.php?rest_route=\/wp\/v2\/pages\/2","targetHints":{"allow":["GET"]}}],"collection":[{"href":"http:\/\/www.horyzonty-wyobrazni.pl\/index.php?rest_route=\/wp\/v2\/pages"}],"about":[{"href":"http:\/\/www.horyzonty-wyobrazni.pl\/index.php?rest_route=\/wp\/v2\/types\/page"}],"author":[{"embeddable":true,"href":"http:\/\/www.horyzonty-wyobrazni.pl\/index.php?rest_route=\/wp\/v2\/users\/1"}],"replies":[{"embeddable":true,"href":"http:\/\/www.horyzonty-wyobrazni.pl\/index.php?rest_route=%2Fwp%2Fv2%2Fcomments&post=2"}],"version-history":[{"count":3,"href":"http:\/\/www.horyzonty-wyobrazni.pl\/index.php?rest_route=\/wp\/v2\/pages\/2\/revisions"}],"predecessor-version":[{"id":34,"href":"http:\/\/www.horyzonty-wyobrazni.pl\/index.php?rest_route=\/wp\/v2\/pages\/2\/revisions\/34"}],"wp:attachment":[{"href":"http:\/\/www.horyzonty-wyobrazni.pl\/index.php?rest_route=%2Fwp%2Fv2%2Fmedia&parent=2"}],"curies":[{"name":"wp","href":"https:\/\/api.w.org\/{rel}","templated":true}]}}